{"id":1621,"date":"2025-11-14T11:28:15","date_gmt":"2025-11-14T11:28:15","guid":{"rendered":"https:\/\/consumidoresdargesul.com.br\/?page_id=1621"},"modified":"2026-01-13T13:42:37","modified_gmt":"2026-01-13T13:42:37","slug":"escolas","status":"publish","type":"page","link":"https:\/\/consumidoresdargesul.com.br\/index.php\/escolas\/","title":{"rendered":"Conselho nas Escolas"},"content":{"rendered":"\t\t<div data-elementor-type=\"wp-page\" data-elementor-id=\"1621\" class=\"elementor elementor-1621\" data-elementor-post-type=\"page\">\n\t\t\t\t<div class=\"elementor-element elementor-element-bb58808 e-flex e-con-boxed e-con e-parent\" data-id=\"bb58808\" data-element_type=\"container\">\n\t\t\t\t\t<div class=\"e-con-inner\">\n\t\t\t\t<div class=\"elementor-element elementor-element-969ebcf elementor-widget elementor-widget-heading\" data-id=\"969ebcf\" data-element_type=\"widget\" data-widget_type=\"heading.default\">\n\t\t\t\t<div class=\"elementor-widget-container\">\n\t\t\t\t\t<h2 class=\"elementor-heading-title elementor-size-default\">CONSELHO NAS ESCOLAS<\/h2>\t\t\t\t<\/div>\n\t\t\t\t<\/div>\n\t\t\t\t<div class=\"elementor-element elementor-element-4e1edac elementor-widget elementor-widget-text-editor\" data-id=\"4e1edac\" data-element_type=\"widget\" data-widget_type=\"text-editor.default\">\n\t\t\t\t<div class=\"elementor-widget-container\">\n\t\t\t\t\t\t\t\t\t<p>O projeto <strong data-start=\"272\" data-end=\"319\">Conselho de Consumidores da RGE nas Escolas<\/strong> leva educa\u00e7\u00e3o sobre o uso seguro e consciente da energia el\u00e9trica para crian\u00e7as da educa\u00e7\u00e3o infantil.<\/p><p>A iniciativa utiliza materiais l\u00fadicos, como o livreto do personagem <strong data-start=\"491\" data-end=\"503\">Zig Volt<\/strong>, para apresentar conceitos de forma simples, divertida e adequada \u00e0 faixa et\u00e1ria. O objetivo \u00e9 fortalecer a cultura de seguran\u00e7a, despertar h\u00e1bitos respons\u00e1veis desde cedo e aproximar o Conselho da comunidade escolar.<\/p>\t\t\t\t\t\t\t\t<\/div>\n\t\t\t\t<\/div>\n\t\t\t\t\t<\/div>\n\t\t\t\t<\/div>\n\t\t<div class=\"elementor-element elementor-element-27c2ffe e-grid e-con-boxed e-con e-parent\" data-id=\"27c2ffe\" data-element_type=\"container\">\n\t\t\t\t\t<div class=\"e-con-inner\">\n\t\t\t\t<div class=\"elementor-element elementor-element-d256a07 elementor-widget elementor-widget-image\" data-id=\"d256a07\" data-element_type=\"widget\" data-widget_type=\"image.default\">\n\t\t\t\t<div class=\"elementor-widget-container\">\n\t\t\t\t\t\t\t\t\t\t\t\t\t\t\t\t<a href=\"https:\/\/consumidoresdargesul.com.br\/wp-content\/uploads\/2025\/11\/1_corte.jpg\" data-elementor-open-lightbox=\"yes\" data-e-action-hash=\"#elementor-action%3Aaction%3Dlightbox%26settings%3DeyJpZCI6MTYyOCwidXJsIjoiaHR0cHM6XC9cL2NvbnN1bWlkb3Jlc2Rhcmdlc3VsLmNvbS5iclwvd3AtY29udGVudFwvdXBsb2Fkc1wvMjAyNVwvMTFcLzFfY29ydGUuanBnIn0%3D\">\n\t\t\t\t\t\t\t<img decoding=\"async\" src=\"https:\/\/consumidoresdargesul.com.br\/wp-content\/uploads\/elementor\/thumbs\/1_corte-rf7g1oweacea5tpi16k6avc8dwmiu3pibd4e0qy8fq.jpg\" title=\"\" alt=\"\" loading=\"lazy\" \/>\t\t\t\t\t\t\t\t<\/a>\n\t\t\t\t\t\t\t\t\t\t\t\t\t\t\t<\/div>\n\t\t\t\t<\/div>\n\t\t<div class=\"elementor-element elementor-element-fee0886 e-con-full e-flex e-con e-child\" data-id=\"fee0886\" data-element_type=\"container\">\n\t\t<div class=\"elementor-element elementor-element-659828e e-con-full e-flex e-con e-child\" data-id=\"659828e\" data-element_type=\"container\">\n\t\t\t\t<div class=\"elementor-element elementor-element-58910c4 elementor-widget elementor-widget-heading\" data-id=\"58910c4\" data-element_type=\"widget\" data-widget_type=\"heading.default\">\n\t\t\t\t<div class=\"elementor-widget-container\">\n\t\t\t\t\t<h4 class=\"elementor-heading-title elementor-size-default\">BAIXE O LIVRETO EM PDF<\/h4>\t\t\t\t<\/div>\n\t\t\t\t<\/div>\n\t\t\t\t<\/div>\n\t\t<div class=\"elementor-element elementor-element-1b7e4cc e-con-full e-flex e-con e-child\" data-id=\"1b7e4cc\" data-element_type=\"container\">\n\t\t\t\t<div class=\"elementor-element elementor-element-b9f8dfa elementor-widget elementor-widget-button\" data-id=\"b9f8dfa\" data-element_type=\"widget\" data-widget_type=\"button.default\">\n\t\t\t\t<div class=\"elementor-widget-container\">\n\t\t\t\t\t\t\t\t\t<div class=\"elementor-button-wrapper\">\n\t\t\t\t\t<a class=\"elementor-button elementor-button-link elementor-size-sm\" href=\"https:\/\/drive.google.com\/file\/d\/1r-Sl5XGiHx9QAwo1B88VQpXlmJQYsRv6\/view?usp=sharing\" target=\"_blank\">\n\t\t\t\t\t\t<span class=\"elementor-button-content-wrapper\">\n\t\t\t\t\t\t\t\t\t<span class=\"elementor-button-text\">Clique aqui<\/span>\n\t\t\t\t\t<\/span>\n\t\t\t\t\t<\/a>\n\t\t\t\t<\/div>\n\t\t\t\t\t\t\t\t<\/div>\n\t\t\t\t<\/div>\n\t\t\t\t<\/div>\n\t\t\t\t<\/div>\n\t\t\t\t\t<\/div>\n\t\t\t\t<\/div>\n\t\t\t\t<\/div>\n\t\t","protected":false},"excerpt":{"rendered":"<p>CONSELHO NAS ESCOLAS O projeto Conselho de Consumidores da RGE nas Escolas leva educa\u00e7\u00e3o sobre o uso seguro e consciente da energia el\u00e9trica para crian\u00e7as da educa\u00e7\u00e3o infantil. A iniciativa utiliza materiais l\u00fadicos, como o livreto do personagem Zig Volt, para apresentar conceitos de forma simples, divertida e adequada \u00e0 faixa et\u00e1ria. O objetivo \u00e9 [&hellip;]<\/p>\n","protected":false},"author":1,"featured_media":0,"parent":0,"menu_order":0,"comment_status":"closed","ping_status":"closed","template":"","meta":{"footnotes":""},"class_list":["post-1621","page","type-page","status-publish","hentry"],"_links":{"self":[{"href":"https:\/\/consumidoresdargesul.com.br\/index.php\/wp-json\/wp\/v2\/pages\/1621","targetHints":{"allow":["GET"]}}],"collection":[{"href":"https:\/\/consumidoresdargesul.com.br\/index.php\/wp-json\/wp\/v2\/pages"}],"about":[{"href":"https:\/\/consumidoresdargesul.com.br\/index.php\/wp-json\/wp\/v2\/types\/page"}],"author":[{"embeddable":true,"href":"https:\/\/consumidoresdargesul.com.br\/index.php\/wp-json\/wp\/v2\/users\/1"}],"replies":[{"embeddable":true,"href":"https:\/\/consumidoresdargesul.com.br\/index.php\/wp-json\/wp\/v2\/comments?post=1621"}],"version-history":[{"count":18,"href":"https:\/\/consumidoresdargesul.com.br\/index.php\/wp-json\/wp\/v2\/pages\/1621\/revisions"}],"predecessor-version":[{"id":1878,"href":"https:\/\/consumidoresdargesul.com.br\/index.php\/wp-json\/wp\/v2\/pages\/1621\/revisions\/1878"}],"wp:attachment":[{"href":"https:\/\/consumidoresdargesul.com.br\/index.php\/wp-json\/wp\/v2\/media?parent=1621"}],"curies":[{"name":"wp","href":"https:\/\/api.w.org\/{rel}","templated":true}]}}