{"id":1879,"date":"2026-01-15T12:23:14","date_gmt":"2026-01-15T12:23:14","guid":{"rendered":"https:\/\/consumidoresdargesul.com.br\/?page_id=1879"},"modified":"2026-03-16T10:55:25","modified_gmt":"2026-03-16T10:55:25","slug":"central","status":"publish","type":"page","link":"https:\/\/consumidoresdargesul.com.br\/index.php\/central\/","title":{"rendered":"Central do Conselheiro"},"content":{"rendered":"\t\t<div data-elementor-type=\"wp-page\" data-elementor-id=\"1879\" class=\"elementor elementor-1879\" data-elementor-post-type=\"page\">\n\t\t\t\t<div class=\"elementor-element elementor-element-2a463e6 e-flex e-con-boxed e-con e-parent\" data-id=\"2a463e6\" data-element_type=\"container\">\n\t\t\t\t\t<div class=\"e-con-inner\">\n\t\t\t\t<div class=\"elementor-element elementor-element-422f856 elementor-widget elementor-widget-heading\" data-id=\"422f856\" data-element_type=\"widget\" data-widget_type=\"heading.default\">\n\t\t\t\t<div class=\"elementor-widget-container\">\n\t\t\t\t\t<h1 class=\"elementor-heading-title elementor-size-default\">CENTRAL DO CONSELHEIRO<\/h1>\t\t\t\t<\/div>\n\t\t\t\t<\/div>\n\t\t\t\t\t<\/div>\n\t\t\t\t<\/div>\n\t\t<div class=\"elementor-element elementor-element-1763d53 e-flex e-con-boxed e-con e-parent\" data-id=\"1763d53\" data-element_type=\"container\">\n\t\t\t\t\t<div class=\"e-con-inner\">\n\t\t<div class=\"elementor-element elementor-element-5871c25 e-con-full e-flex e-con e-child\" data-id=\"5871c25\" data-element_type=\"container\">\n\t\t\t\t<div class=\"elementor-element elementor-element-85b57d9 elementor-widget elementor-widget-text-editor\" data-id=\"85b57d9\" data-element_type=\"widget\" data-widget_type=\"text-editor.default\">\n\t\t\t\t<div class=\"elementor-widget-container\">\n\t\t\t\t\t\t\t\t\t<p>BOLETINS<\/p>\t\t\t\t\t\t\t\t<\/div>\n\t\t\t\t<\/div>\n\t\t\t\t<div class=\"elementor-element elementor-element-c39bb3a elementor-widget elementor-widget-text-editor\" data-id=\"c39bb3a\" data-element_type=\"widget\" data-widget_type=\"text-editor.default\">\n\t\t\t\t<div class=\"elementor-widget-container\">\n\t\t\t\t\t\t\t\t\t<p>Acesse os informativos mensais<\/p>\t\t\t\t\t\t\t\t<\/div>\n\t\t\t\t<\/div>\n\t\t\t\t<div class=\"elementor-element elementor-element-39de256 elementor-widget elementor-widget-n-accordion\" data-id=\"39de256\" data-element_type=\"widget\" data-settings=\"{&quot;default_state&quot;:&quot;all_collapsed&quot;,&quot;max_items_expended&quot;:&quot;one&quot;,&quot;n_accordion_animation_duration&quot;:{&quot;unit&quot;:&quot;ms&quot;,&quot;size&quot;:400,&quot;sizes&quot;:[]}}\" data-widget_type=\"nested-accordion.default\">\n\t\t\t\t<div class=\"elementor-widget-container\">\n\t\t\t\t\t\t\t<div class=\"e-n-accordion\" aria-label=\"Accordion. Open links with Enter or Space, close with Escape, and navigate with Arrow Keys\">\n\t\t\t\t\t\t<details id=\"e-n-accordion-item-6060\" class=\"e-n-accordion-item\" >\n\t\t\t\t<summary class=\"e-n-accordion-item-title\" data-accordion-index=\"1\" tabindex=\"0\" aria-expanded=\"false\" aria-controls=\"e-n-accordion-item-6060\" >\n\t\t\t\t\t<span class='e-n-accordion-item-title-header'><div class=\"e-n-accordion-item-title-text\"> 2026 <\/div><\/span>\n\t\t\t\t\t\t\t<span class='e-n-accordion-item-title-icon'>\n\t\t\t<span class='e-opened' ><svg aria-hidden=\"true\" class=\"e-font-icon-svg e-fas-minus\" viewBox=\"0 0 448 512\" xmlns=\"http:\/\/www.w3.org\/2000\/svg\"><path d=\"M416 208H32c-17.67 0-32 14.33-32 32v32c0 17.67 14.33 32 32 32h384c17.67 0 32-14.33 32-32v-32c0-17.67-14.33-32-32-32z\"><\/path><\/svg><\/span>\n\t\t\t<span class='e-closed'><svg aria-hidden=\"true\" class=\"e-font-icon-svg e-fas-plus\" viewBox=\"0 0 448 512\" xmlns=\"http:\/\/www.w3.org\/2000\/svg\"><path d=\"M416 208H272V64c0-17.67-14.33-32-32-32h-32c-17.67 0-32 14.33-32 32v144H32c-17.67 0-32 14.33-32 32v32c0 17.67 14.33 32 32 32h144v144c0 17.67 14.33 32 32 32h32c17.67 0 32-14.33 32-32V304h144c17.67 0 32-14.33 32-32v-32c0-17.67-14.33-32-32-32z\"><\/path><\/svg><\/span>\n\t\t<\/span>\n\n\t\t\t\t\t\t<\/summary>\n\t\t\t\t<div role=\"region\" aria-labelledby=\"e-n-accordion-item-6060\" class=\"elementor-element elementor-element-352e043 e-con-full e-flex e-con e-child\" data-id=\"352e043\" data-element_type=\"container\">\n\t\t<div role=\"region\" aria-labelledby=\"e-n-accordion-item-6060\" class=\"elementor-element elementor-element-23532cf e-flex e-con-boxed e-con e-child\" data-id=\"23532cf\" data-element_type=\"container\">\n\t\t\t\t\t<div class=\"e-con-inner\">\n\t\t\t\t<div class=\"elementor-element elementor-element-bed21fe elementor-grid-1 elementor-posts--thumbnail-none elementor-grid-tablet-2 elementor-grid-mobile-1 elementor-card-shadow-yes elementor-posts__hover-gradient elementor-widget elementor-widget-posts\" data-id=\"bed21fe\" data-element_type=\"widget\" data-settings=\"{&quot;cards_columns&quot;:&quot;1&quot;,&quot;cards_row_gap&quot;:{&quot;unit&quot;:&quot;px&quot;,&quot;size&quot;:7,&quot;sizes&quot;:[]},&quot;cards_columns_tablet&quot;:&quot;2&quot;,&quot;cards_columns_mobile&quot;:&quot;1&quot;,&quot;cards_row_gap_tablet&quot;:{&quot;unit&quot;:&quot;px&quot;,&quot;size&quot;:&quot;&quot;,&quot;sizes&quot;:[]},&quot;cards_row_gap_mobile&quot;:{&quot;unit&quot;:&quot;px&quot;,&quot;size&quot;:&quot;&quot;,&quot;sizes&quot;:[]}}\" data-widget_type=\"posts.cards\">\n\t\t\t\t<div class=\"elementor-widget-container\">\n\t\t\t\t\t\t\t<div class=\"elementor-posts-container elementor-posts elementor-posts--skin-cards elementor-grid\">\n\t\t\t\t<article class=\"elementor-post elementor-grid-item post-1918 post type-post status-publish format-standard hentry category-boletins\">\n\t\t\t<div class=\"elementor-post__card\">\n\t\t\t\t<div class=\"elementor-post__text\">\n\t\t\t\t<h3 class=\"elementor-post__title\">\n\t\t\t<a href=\"https:\/\/consumidoresdargesul.com.br\/index.php\/boletim-informativo-fevereiro-2026\/\" >\n\t\t\t\tBoletim Informativo &#8211; Fevereiro 2026\t\t\t<\/a>\n\t\t<\/h3>\n\t\t\t\t<\/div>\n\t\t\t\t\t<\/div>\n\t\t<\/article>\n\t\t\t\t<\/div>\n\t\t\n\t\t\t\t\t\t<\/div>\n\t\t\t\t<\/div>\n\t\t\t\t\t<\/div>\n\t\t\t\t<\/div>\n\t\t\t\t<\/div>\n\t\t\t\t\t<\/details>\n\t\t\t\t\t\t<details id=\"e-n-accordion-item-6061\" class=\"e-n-accordion-item\" >\n\t\t\t\t<summary class=\"e-n-accordion-item-title\" data-accordion-index=\"2\" tabindex=\"-1\" aria-expanded=\"false\" aria-controls=\"e-n-accordion-item-6061\" >\n\t\t\t\t\t<span class='e-n-accordion-item-title-header'><div class=\"e-n-accordion-item-title-text\"> 2025 <\/div><\/span>\n\t\t\t\t\t\t\t<span class='e-n-accordion-item-title-icon'>\n\t\t\t<span class='e-opened' ><svg aria-hidden=\"true\" class=\"e-font-icon-svg e-fas-minus\" viewBox=\"0 0 448 512\" xmlns=\"http:\/\/www.w3.org\/2000\/svg\"><path d=\"M416 208H32c-17.67 0-32 14.33-32 32v32c0 17.67 14.33 32 32 32h384c17.67 0 32-14.33 32-32v-32c0-17.67-14.33-32-32-32z\"><\/path><\/svg><\/span>\n\t\t\t<span class='e-closed'><svg aria-hidden=\"true\" class=\"e-font-icon-svg e-fas-plus\" viewBox=\"0 0 448 512\" xmlns=\"http:\/\/www.w3.org\/2000\/svg\"><path d=\"M416 208H272V64c0-17.67-14.33-32-32-32h-32c-17.67 0-32 14.33-32 32v144H32c-17.67 0-32 14.33-32 32v32c0 17.67 14.33 32 32 32h144v144c0 17.67 14.33 32 32 32h32c17.67 0 32-14.33 32-32V304h144c17.67 0 32-14.33 32-32v-32c0-17.67-14.33-32-32-32z\"><\/path><\/svg><\/span>\n\t\t<\/span>\n\n\t\t\t\t\t\t<\/summary>\n\t\t\t\t<div role=\"region\" aria-labelledby=\"e-n-accordion-item-6061\" class=\"elementor-element elementor-element-3b16cfc e-con-full e-flex e-con e-child\" data-id=\"3b16cfc\" data-element_type=\"container\">\n\t\t<div role=\"region\" aria-labelledby=\"e-n-accordion-item-6061\" class=\"elementor-element elementor-element-a5b23f3 e-flex e-con-boxed e-con e-child\" data-id=\"a5b23f3\" data-element_type=\"container\">\n\t\t\t\t\t<div class=\"e-con-inner\">\n\t\t\t\t<div class=\"elementor-element elementor-element-46f0ac3 elementor-grid-1 elementor-posts--thumbnail-none elementor-grid-tablet-2 elementor-grid-mobile-1 elementor-card-shadow-yes elementor-posts__hover-gradient elementor-widget elementor-widget-posts\" data-id=\"46f0ac3\" data-element_type=\"widget\" data-settings=\"{&quot;cards_columns&quot;:&quot;1&quot;,&quot;cards_row_gap&quot;:{&quot;unit&quot;:&quot;px&quot;,&quot;size&quot;:7,&quot;sizes&quot;:[]},&quot;cards_columns_tablet&quot;:&quot;2&quot;,&quot;cards_columns_mobile&quot;:&quot;1&quot;,&quot;cards_row_gap_tablet&quot;:{&quot;unit&quot;:&quot;px&quot;,&quot;size&quot;:&quot;&quot;,&quot;sizes&quot;:[]},&quot;cards_row_gap_mobile&quot;:{&quot;unit&quot;:&quot;px&quot;,&quot;size&quot;:&quot;&quot;,&quot;sizes&quot;:[]}}\" data-widget_type=\"posts.cards\">\n\t\t\t\t<div class=\"elementor-widget-container\">\n\t\t\t\t\t\t\t<div class=\"elementor-posts-container elementor-posts elementor-posts--skin-cards elementor-grid\">\n\t\t\t\t<article class=\"elementor-post elementor-grid-item post-1918 post type-post status-publish format-standard hentry category-boletins\">\n\t\t\t<div class=\"elementor-post__card\">\n\t\t\t\t<div class=\"elementor-post__text\">\n\t\t\t\t<h3 class=\"elementor-post__title\">\n\t\t\t<a href=\"https:\/\/consumidoresdargesul.com.br\/index.php\/boletim-informativo-fevereiro-2026\/\" >\n\t\t\t\tBoletim Informativo &#8211; Fevereiro 2026\t\t\t<\/a>\n\t\t<\/h3>\n\t\t\t\t<\/div>\n\t\t\t\t\t<\/div>\n\t\t<\/article>\n\t\t\t\t<\/div>\n\t\t\n\t\t\t\t\t\t<\/div>\n\t\t\t\t<\/div>\n\t\t\t\t\t<\/div>\n\t\t\t\t<\/div>\n\t\t\t\t<\/div>\n\t\t\t\t\t<\/details>\n\t\t\t\t\t<\/div>\n\t\t\t\t\t\t<\/div>\n\t\t\t\t<\/div>\n\t\t\t\t<\/div>\n\t\t<div class=\"elementor-element elementor-element-6299f8e e-con-full e-flex e-con e-child\" data-id=\"6299f8e\" data-element_type=\"container\">\n\t\t\t\t<div class=\"elementor-element elementor-element-e452ae5 elementor-widget elementor-widget-text-editor\" data-id=\"e452ae5\" data-element_type=\"widget\" data-widget_type=\"text-editor.default\">\n\t\t\t\t<div class=\"elementor-widget-container\">\n\t\t\t\t\t\t\t\t\t<p>OF\u00cdCIOS<\/p>\t\t\t\t\t\t\t\t<\/div>\n\t\t\t\t<\/div>\n\t\t\t\t<div class=\"elementor-element elementor-element-6eff61a elementor-widget elementor-widget-text-editor\" data-id=\"6eff61a\" data-element_type=\"widget\" data-widget_type=\"text-editor.default\">\n\t\t\t\t<div class=\"elementor-widget-container\">\n\t\t\t\t\t\t\t\t\t<p>Acesse a documenta\u00e7\u00e3o emitida<\/p>\t\t\t\t\t\t\t\t<\/div>\n\t\t\t\t<\/div>\n\t\t\t\t<div class=\"elementor-element elementor-element-5b05879 elementor-widget elementor-widget-n-accordion\" data-id=\"5b05879\" data-element_type=\"widget\" data-settings=\"{&quot;default_state&quot;:&quot;all_collapsed&quot;,&quot;max_items_expended&quot;:&quot;one&quot;,&quot;n_accordion_animation_duration&quot;:{&quot;unit&quot;:&quot;ms&quot;,&quot;size&quot;:400,&quot;sizes&quot;:[]}}\" data-widget_type=\"nested-accordion.default\">\n\t\t\t\t<div class=\"elementor-widget-container\">\n\t\t\t\t\t\t\t<div class=\"e-n-accordion\" aria-label=\"Accordion. Open links with Enter or Space, close with Escape, and navigate with Arrow Keys\">\n\t\t\t\t\t\t<details id=\"e-n-accordion-item-9540\" class=\"e-n-accordion-item\" >\n\t\t\t\t<summary class=\"e-n-accordion-item-title\" data-accordion-index=\"1\" tabindex=\"0\" aria-expanded=\"false\" aria-controls=\"e-n-accordion-item-9540\" >\n\t\t\t\t\t<span class='e-n-accordion-item-title-header'><div class=\"e-n-accordion-item-title-text\"> 2026 <\/div><\/span>\n\t\t\t\t\t\t\t<span class='e-n-accordion-item-title-icon'>\n\t\t\t<span class='e-opened' ><svg aria-hidden=\"true\" class=\"e-font-icon-svg e-fas-minus\" viewBox=\"0 0 448 512\" xmlns=\"http:\/\/www.w3.org\/2000\/svg\"><path d=\"M416 208H32c-17.67 0-32 14.33-32 32v32c0 17.67 14.33 32 32 32h384c17.67 0 32-14.33 32-32v-32c0-17.67-14.33-32-32-32z\"><\/path><\/svg><\/span>\n\t\t\t<span class='e-closed'><svg aria-hidden=\"true\" class=\"e-font-icon-svg e-fas-plus\" viewBox=\"0 0 448 512\" xmlns=\"http:\/\/www.w3.org\/2000\/svg\"><path d=\"M416 208H272V64c0-17.67-14.33-32-32-32h-32c-17.67 0-32 14.33-32 32v144H32c-17.67 0-32 14.33-32 32v32c0 17.67 14.33 32 32 32h144v144c0 17.67 14.33 32 32 32h32c17.67 0 32-14.33 32-32V304h144c17.67 0 32-14.33 32-32v-32c0-17.67-14.33-32-32-32z\"><\/path><\/svg><\/span>\n\t\t<\/span>\n\n\t\t\t\t\t\t<\/summary>\n\t\t\t\t<div role=\"region\" aria-labelledby=\"e-n-accordion-item-9540\" class=\"elementor-element elementor-element-d25291c e-con-full e-flex e-con e-child\" data-id=\"d25291c\" data-element_type=\"container\">\n\t\t\t\t<div class=\"elementor-element elementor-element-0ffaded elementor-widget elementor-widget-text-editor\" data-id=\"0ffaded\" data-element_type=\"widget\" data-widget_type=\"text-editor.default\">\n\t\t\t\t<div class=\"elementor-widget-container\">\n\t\t\t\t\t\t\t\t\t<ul><li><a href=\"https:\/\/consumidoresdargesul.com.br\/wp-content\/uploads\/2026\/03\/Of-Conselho-RGE-01-2026-Ricardo-Dalan-demandas-reuniao-de-Alegrete-com-anexos-.pdf\" target=\"_blank\" rel=\"noopener\"><strong>Of. 01-2026<\/strong> | Ricardo Dalan (RGE)<\/a><br \/><em><em><em>Demandas Alegrete<\/em><\/em><\/em><\/li><\/ul><p>\u00a0<\/p><ul><li><a href=\"https:\/\/consumidoresdargesul.com.br\/wp-content\/uploads\/2026\/03\/Of-Conselho-RGE-02-2026-Ricardo-Dalan-Divulgacao-na-alteracao-de-normas.pdf\" target=\"_blank\" rel=\"noopener\"><strong>Of. 02-2026<\/strong> | Ricardo Dalan (RGE)<\/a><br \/><em>Divulga\u00e7\u00e3o das altera\u00e7\u00f5es de normas<\/em><\/li><\/ul>\t\t\t\t\t\t\t\t<\/div>\n\t\t\t\t<\/div>\n\t\t\t\t<\/div>\n\t\t\t\t\t<\/details>\n\t\t\t\t\t\t<details id=\"e-n-accordion-item-9541\" class=\"e-n-accordion-item\" >\n\t\t\t\t<summary class=\"e-n-accordion-item-title\" data-accordion-index=\"2\" tabindex=\"-1\" aria-expanded=\"false\" aria-controls=\"e-n-accordion-item-9541\" >\n\t\t\t\t\t<span class='e-n-accordion-item-title-header'><div class=\"e-n-accordion-item-title-text\"> 2025 <\/div><\/span>\n\t\t\t\t\t\t\t<span class='e-n-accordion-item-title-icon'>\n\t\t\t<span class='e-opened' ><svg aria-hidden=\"true\" class=\"e-font-icon-svg e-fas-minus\" viewBox=\"0 0 448 512\" xmlns=\"http:\/\/www.w3.org\/2000\/svg\"><path d=\"M416 208H32c-17.67 0-32 14.33-32 32v32c0 17.67 14.33 32 32 32h384c17.67 0 32-14.33 32-32v-32c0-17.67-14.33-32-32-32z\"><\/path><\/svg><\/span>\n\t\t\t<span class='e-closed'><svg aria-hidden=\"true\" class=\"e-font-icon-svg e-fas-plus\" viewBox=\"0 0 448 512\" xmlns=\"http:\/\/www.w3.org\/2000\/svg\"><path d=\"M416 208H272V64c0-17.67-14.33-32-32-32h-32c-17.67 0-32 14.33-32 32v144H32c-17.67 0-32 14.33-32 32v32c0 17.67 14.33 32 32 32h144v144c0 17.67 14.33 32 32 32h32c17.67 0 32-14.33 32-32V304h144c17.67 0 32-14.33 32-32v-32c0-17.67-14.33-32-32-32z\"><\/path><\/svg><\/span>\n\t\t<\/span>\n\n\t\t\t\t\t\t<\/summary>\n\t\t\t\t<div role=\"region\" aria-labelledby=\"e-n-accordion-item-9541\" class=\"elementor-element elementor-element-3357815 e-con-full e-flex e-con e-child\" data-id=\"3357815\" data-element_type=\"container\">\n\t\t\t\t<div class=\"elementor-element elementor-element-a6f66e2 elementor-widget elementor-widget-text-editor\" data-id=\"a6f66e2\" data-element_type=\"widget\" data-widget_type=\"text-editor.default\">\n\t\t\t\t<div class=\"elementor-widget-container\">\n\t\t\t\t\t\t\t\t\t<ul><li><a href=\"https:\/\/consumidoresdargesul.com.br\/wp-content\/uploads\/2026\/01\/Of-Conselho-RGE-01-2025-Ricardo-Dalan-de-Vargas-Demandas-Sto-Ant-das-Missoes.pdf\" target=\"_blank\" rel=\"noopener\"><strong>Of. 01-2025<\/strong> | Ricardo Dalan (RGE)<\/a><br \/><em>Demandas Santo Ant\u00f4nio das Miss\u00f5es<\/em><\/li><\/ul><p>\u00a0<\/p><ul><li><a href=\"https:\/\/consumidoresdargesul.com.br\/wp-content\/uploads\/2026\/01\/Of-Conselho-RGE-02-2025-Ricardo-Dalan-de-Vargas-Parecer-Reajuste-Tarifario.pdf\" target=\"_blank\" rel=\"noopener\"><strong>Of. 02-2025<\/strong> | Ricardo Dalan (RGE)<\/a><br \/>Parecer Reajuste Tarif\u00e1rio<\/li><\/ul><p>\u00a0<\/p><ul><li><a href=\"https:\/\/consumidoresdargesul.com.br\/wp-content\/uploads\/2026\/01\/Of-Conselho-RGE-03-2025-Marcos-Madureira-Presidente-da-ABRADEE.pdf\" target=\"_blank\" rel=\"noopener\"><strong>Of. 03-2025<\/strong> | Marcos Madureira<\/a><br \/>Participa\u00e7\u00e3o no Encontro Regional<\/li><\/ul><p>\u00a0<\/p><ul><li><a href=\"https:\/\/consumidoresdargesul.com.br\/wp-content\/uploads\/2026\/01\/Of-Conselho-RGE-04-2025-Luiz-Eduardo-Barata-Ferreira-Presidente-da-Frente-Nacional.pdf\" target=\"_blank\" rel=\"noopener\"><strong>Of. 04-2025<\/strong> | Luiz Eduardo Barata<\/a><br \/>Participa\u00e7\u00e3o no Encontro Regional<\/li><\/ul><p>\u00a0<\/p><ul><li><a href=\"https:\/\/consumidoresdargesul.com.br\/wp-content\/uploads\/2026\/01\/Of-Conselho-RGE-05-2025-Andre-Ruelli-ANEEL.pdf\" target=\"_blank\" rel=\"noopener\"><strong>Of. 05-2025<\/strong> | Andr\u00e9 Ruelli<\/a><br \/>Participa\u00e7\u00e3o no Encontro Regional<\/li><\/ul><p>\u00a0<\/p><ul><li><a href=\"https:\/\/consumidoresdargesul.com.br\/wp-content\/uploads\/2026\/01\/Of-Conselho-RGE-06-2025-Andre-Ruelli-ANEEL.pdf\" target=\"_blank\" rel=\"noopener\"><strong>Of. 06-2025<\/strong> | Andr\u00e9 Ruelli<\/a><br \/>Participa\u00e7\u00e3o no Encontro Regional<\/li><\/ul><p>\u00a0<\/p><ul><li><a href=\"https:\/\/consumidoresdargesul.com.br\/wp-content\/uploads\/2026\/01\/Of-Conselho-RGE-07-2025-Ricardo-Dalan-demandas-de-consumidores-de-Alegrete.pdf\" target=\"_blank\" rel=\"noopener\"><strong>Of. 07-2025<\/strong> | Ricardo Dalan (RGE)<\/a><br \/><em><em>Demandas Alegrete<\/em><\/em><\/li><\/ul><p>\u00a0<\/p><ul><li><a href=\"https:\/\/consumidoresdargesul.com.br\/wp-content\/uploads\/2026\/01\/Of-Conselho-RGE-08-2025-Leandro-Quintana.pdf\" target=\"_blank\" rel=\"noopener\"><strong>Of. 08-2025<\/strong> | Leandro Quintana<\/a><br \/><em>Retorno sobre demandas de Alegrete<\/em><\/li><\/ul>\t\t\t\t\t\t\t\t<\/div>\n\t\t\t\t<\/div>\n\t\t\t\t<\/div>\n\t\t\t\t\t<\/details>\n\t\t\t\t\t<\/div>\n\t\t\t\t\t\t<\/div>\n\t\t\t\t<\/div>\n\t\t\t\t<\/div>\n\t\t<div class=\"elementor-element elementor-element-5c46901 e-con-full e-flex e-con e-child\" data-id=\"5c46901\" data-element_type=\"container\">\n\t\t\t\t<div class=\"elementor-element elementor-element-56b7b7b elementor-widget elementor-widget-text-editor\" data-id=\"56b7b7b\" data-element_type=\"widget\" data-widget_type=\"text-editor.default\">\n\t\t\t\t<div class=\"elementor-widget-container\">\n\t\t\t\t\t\t\t\t\t<p>DEMANDAS<\/p>\t\t\t\t\t\t\t\t<\/div>\n\t\t\t\t<\/div>\n\t\t\t\t<div class=\"elementor-element elementor-element-c9d5c54 elementor-widget elementor-widget-text-editor\" data-id=\"c9d5c54\" data-element_type=\"widget\" data-widget_type=\"text-editor.default\">\n\t\t\t\t<div class=\"elementor-widget-container\">\n\t\t\t\t\t\t\t\t\t<p>Material enviado \u00e0 distribuidora<\/p>\t\t\t\t\t\t\t\t<\/div>\n\t\t\t\t<\/div>\n\t\t\t\t<div class=\"elementor-element elementor-element-3915050 elementor-widget elementor-widget-n-accordion\" data-id=\"3915050\" data-element_type=\"widget\" data-settings=\"{&quot;default_state&quot;:&quot;all_collapsed&quot;,&quot;max_items_expended&quot;:&quot;one&quot;,&quot;n_accordion_animation_duration&quot;:{&quot;unit&quot;:&quot;ms&quot;,&quot;size&quot;:400,&quot;sizes&quot;:[]}}\" data-widget_type=\"nested-accordion.default\">\n\t\t\t\t<div class=\"elementor-widget-container\">\n\t\t\t\t\t\t\t<div class=\"e-n-accordion\" aria-label=\"Accordion. Open links with Enter or Space, close with Escape, and navigate with Arrow Keys\">\n\t\t\t\t\t\t<details id=\"e-n-accordion-item-5980\" class=\"e-n-accordion-item\" >\n\t\t\t\t<summary class=\"e-n-accordion-item-title\" data-accordion-index=\"1\" tabindex=\"0\" aria-expanded=\"false\" aria-controls=\"e-n-accordion-item-5980\" >\n\t\t\t\t\t<span class='e-n-accordion-item-title-header'><div class=\"e-n-accordion-item-title-text\"> 2026 <\/div><\/span>\n\t\t\t\t\t\t\t<span class='e-n-accordion-item-title-icon'>\n\t\t\t<span class='e-opened' ><svg aria-hidden=\"true\" class=\"e-font-icon-svg e-fas-minus\" viewBox=\"0 0 448 512\" xmlns=\"http:\/\/www.w3.org\/2000\/svg\"><path d=\"M416 208H32c-17.67 0-32 14.33-32 32v32c0 17.67 14.33 32 32 32h384c17.67 0 32-14.33 32-32v-32c0-17.67-14.33-32-32-32z\"><\/path><\/svg><\/span>\n\t\t\t<span class='e-closed'><svg aria-hidden=\"true\" class=\"e-font-icon-svg e-fas-plus\" viewBox=\"0 0 448 512\" xmlns=\"http:\/\/www.w3.org\/2000\/svg\"><path d=\"M416 208H272V64c0-17.67-14.33-32-32-32h-32c-17.67 0-32 14.33-32 32v144H32c-17.67 0-32 14.33-32 32v32c0 17.67 14.33 32 32 32h144v144c0 17.67 14.33 32 32 32h32c17.67 0 32-14.33 32-32V304h144c17.67 0 32-14.33 32-32v-32c0-17.67-14.33-32-32-32z\"><\/path><\/svg><\/span>\n\t\t<\/span>\n\n\t\t\t\t\t\t<\/summary>\n\t\t\t\t<div role=\"region\" aria-labelledby=\"e-n-accordion-item-5980\" class=\"elementor-element elementor-element-309f997 e-con-full e-flex e-con e-child\" data-id=\"309f997\" data-element_type=\"container\">\n\t\t\t\t<div class=\"elementor-element elementor-element-e1c8018 elementor-widget elementor-widget-text-editor\" data-id=\"e1c8018\" data-element_type=\"widget\" data-widget_type=\"text-editor.default\">\n\t\t\t\t<div class=\"elementor-widget-container\">\n\t\t\t\t\t\t\t\t\t<ul><li><a href=\"https:\/\/consumidoresdargesul.com.br\/wp-content\/uploads\/2026\/03\/Of-Conselho-RGE-01-2026-Ricardo-Dalan-demandas-reuniao-de-Alegrete-com-anexos-.pdf\" target=\"_blank\" rel=\"noopener\"><strong>Of. 01-2026<\/strong> | Ricardo Dalan (RGE)<\/a><br \/><em><em><em>Demandas Alegrete<\/em><\/em><\/em><\/li><\/ul>\t\t\t\t\t\t\t\t<\/div>\n\t\t\t\t<\/div>\n\t\t\t\t<\/div>\n\t\t\t\t\t<\/details>\n\t\t\t\t\t\t<details id=\"e-n-accordion-item-5981\" class=\"e-n-accordion-item\" >\n\t\t\t\t<summary class=\"e-n-accordion-item-title\" data-accordion-index=\"2\" tabindex=\"-1\" aria-expanded=\"false\" aria-controls=\"e-n-accordion-item-5981\" >\n\t\t\t\t\t<span class='e-n-accordion-item-title-header'><div class=\"e-n-accordion-item-title-text\"> 2025 <\/div><\/span>\n\t\t\t\t\t\t\t<span class='e-n-accordion-item-title-icon'>\n\t\t\t<span class='e-opened' ><svg aria-hidden=\"true\" class=\"e-font-icon-svg e-fas-minus\" viewBox=\"0 0 448 512\" xmlns=\"http:\/\/www.w3.org\/2000\/svg\"><path d=\"M416 208H32c-17.67 0-32 14.33-32 32v32c0 17.67 14.33 32 32 32h384c17.67 0 32-14.33 32-32v-32c0-17.67-14.33-32-32-32z\"><\/path><\/svg><\/span>\n\t\t\t<span class='e-closed'><svg aria-hidden=\"true\" class=\"e-font-icon-svg e-fas-plus\" viewBox=\"0 0 448 512\" xmlns=\"http:\/\/www.w3.org\/2000\/svg\"><path d=\"M416 208H272V64c0-17.67-14.33-32-32-32h-32c-17.67 0-32 14.33-32 32v144H32c-17.67 0-32 14.33-32 32v32c0 17.67 14.33 32 32 32h144v144c0 17.67 14.33 32 32 32h32c17.67 0 32-14.33 32-32V304h144c17.67 0 32-14.33 32-32v-32c0-17.67-14.33-32-32-32z\"><\/path><\/svg><\/span>\n\t\t<\/span>\n\n\t\t\t\t\t\t<\/summary>\n\t\t\t\t<div role=\"region\" aria-labelledby=\"e-n-accordion-item-5981\" class=\"elementor-element elementor-element-7c50af6 e-con-full e-flex e-con e-child\" data-id=\"7c50af6\" data-element_type=\"container\">\n\t\t\t\t<div class=\"elementor-element elementor-element-15ff5c7 elementor-widget elementor-widget-text-editor\" data-id=\"15ff5c7\" data-element_type=\"widget\" data-widget_type=\"text-editor.default\">\n\t\t\t\t<div class=\"elementor-widget-container\">\n\t\t\t\t\t\t\t\t\t<ul><li><a href=\"https:\/\/consumidoresdargesul.com.br\/wp-content\/uploads\/2026\/01\/Of-Conselho-RGE-07-2025-Ricardo-Dalan-demandas-de-consumidores-de-Alegrete.pdf\" target=\"_blank\" rel=\"noopener\"><strong>Of. 07-2025<\/strong> | Ricardo Dalan (RGE)<\/a><br \/><em><em>Demandas Alegrete<br \/><br \/><\/em><\/em><\/li><li><a href=\"https:\/\/consumidoresdargesul.com.br\/wp-content\/uploads\/2026\/01\/Of-Conselho-RGE-08-2025-Leandro-Quintana.pdf\" target=\"_blank\" rel=\"noopener\"><strong>Of. 08-2025<\/strong> | Leandro Quintana<\/a><br \/><em>Retorno sobre demandas de Alegrete<\/em><\/li><\/ul>\t\t\t\t\t\t\t\t<\/div>\n\t\t\t\t<\/div>\n\t\t\t\t<\/div>\n\t\t\t\t\t<\/details>\n\t\t\t\t\t<\/div>\n\t\t\t\t\t\t<\/div>\n\t\t\t\t<\/div>\n\t\t\t\t<\/div>\n\t\t\t\t\t<\/div>\n\t\t\t\t<\/div>\n\t\t\t\t<\/div>\n\t\t","protected":false},"excerpt":{"rendered":"<p>CENTRAL DO CONSELHEIRO BOLETINS Acesse os informativos mensais 2026 Teste 2 Teste 1 2025 Teste 2 Teste 1 OF\u00cdCIOS Acesse a documenta\u00e7\u00e3o emitida 2026 Of.<\/p>\n","protected":false},"author":1,"featured_media":0,"parent":0,"menu_order":0,"comment_status":"closed","ping_status":"closed","template":"","meta":{"footnotes":""},"class_list":["post-1879","page","type-page","status-publish","hentry"],"_links":{"self":[{"href":"https:\/\/consumidoresdargesul.com.br\/index.php\/wp-json\/wp\/v2\/pages\/1879","targetHints":{"allow":["GET"]}}],"collection":[{"href":"https:\/\/consumidoresdargesul.com.br\/index.php\/wp-json\/wp\/v2\/pages"}],"about":[{"href":"https:\/\/consumidoresdargesul.com.br\/index.php\/wp-json\/wp\/v2\/types\/page"}],"author":[{"embeddable":true,"href":"https:\/\/consumidoresdargesul.com.br\/index.php\/wp-json\/wp\/v2\/users\/1"}],"replies":[{"embeddable":true,"href":"https:\/\/consumidoresdargesul.com.br\/index.php\/wp-json\/wp\/v2\/comments?post=1879"}],"version-history":[{"count":56,"href":"https:\/\/consumidoresdargesul.com.br\/index.php\/wp-json\/wp\/v2\/pages\/1879\/revisions"}],"predecessor-version":[{"id":2165,"href":"https:\/\/consumidoresdargesul.com.br\/index.php\/wp-json\/wp\/v2\/pages\/1879\/revisions\/2165"}],"wp:attachment":[{"href":"https:\/\/consumidoresdargesul.com.br\/index.php\/wp-json\/wp\/v2\/media?parent=1879"}],"curies":[{"name":"wp","href":"https:\/\/api.w.org\/{rel}","templated":true}]}}